{"id":804,"date":"2025-06-06T03:37:30","date_gmt":"2025-06-06T00:37:30","guid":{"rendered":"https:\/\/web2026.hipark.lv\/konfidencialitates-politika\/"},"modified":"2026-03-05T11:51:54","modified_gmt":"2026-03-05T09:51:54","slug":"konfidencialitates-politika","status":"publish","type":"page","link":"https:\/\/web2026.hipark.lv\/lv\/konfidencialitates-politika\/","title":{"rendered":"Priv\u0101tuma politika"},"content":{"rendered":"\n<h2 class=\"wp-block-heading\">Kas m\u0113s esam<\/h2>\n\n<p>Personas datu p\u0101rzinis: SIA HiPark Systems, re\u0123. Nr. 40003660280.<br\/>M\u016bsu t\u012bmek\u013ca vietnes adrese ir: https:\/\/hipark.lv, https:\/\/web2026.hipark.lv<br\/>Sazi\u0146ai par personas datu jaut\u0101jumiem: <strong><a>privacy@hipark.lv<\/a><\/strong>. <\/p>\n\n<h2 class=\"wp-block-heading\">K\u0101dus datus m\u0113s apstr\u0101d\u0101jam un k\u0101p\u0113c<\/h2>\n\n<p>M\u0113s varam apstr\u0101d\u0101t personas datus, ja j\u016bs:<\/p>\n\n<ul class=\"wp-block-list\">\n<li>veicat pirkumu vai noform\u0113jat pas\u016bt\u012bjumu m\u016bsu e-veikal\u0101;<\/li>\n\n\n\n<li>izveidojat klienta kontu;<\/li>\n\n\n\n<li>sazin\u0101ties ar mums (piem\u0113ram, izmantojot sazi\u0146as formas vai e-pastu);<\/li>\n\n\n\n<li>lietojat vietni (tehniskie dati, s\u012bkfaili).<\/li>\n<\/ul>\n\n<p>Pas\u016bt\u012bjumu apstr\u0101dei parasti tiek apstr\u0101d\u0101ti \u0161\u0101di dati: v\u0101rds, uzv\u0101rds, e-pasts, t\u0101lru\u0146a numurs, pieg\u0101des adrese, nor\u0113\u0137inu inform\u0101cija, pas\u016bt\u012bjuma saturs un saist\u012bt\u0101 sazi\u0146a.<br\/>Klienta kontam \u2013 e-pasts un ar kontu saist\u012bt\u0101 inform\u0101cija (piem\u0113ram, pas\u016bt\u012bjumu v\u0113sture).<\/p>\n\n<h2 class=\"wp-block-heading\">Payments<\/h2>\n\n<p>Maks\u0101jumu apstr\u0101dei var tikt izmantoti tre\u0161o pu\u0161u pakalpojumu sniedz\u0113ji (piem\u0113ram, bankas vai maks\u0101jumu pakalpojumu sniedz\u0113ji). \u0160\u0101dos gad\u012bjumos maks\u0101jumu apstr\u0101dei nepiecie\u0161amie dati tiek nodoti attiec\u012bgajam pakalpojumu sniedz\u0113jam, un maks\u0101jumi tiek apstr\u0101d\u0101ti saska\u0146\u0101 ar vi\u0146u priv\u0101tuma noteikumiem.<\/p>\n\n<h2 class=\"wp-block-heading\">Kam m\u0113s kop\u012bgojam j\u016bsu datus<\/h2>\n\n<p>M\u0113s varam nodot personas datus tikai nepiecie\u0161amaj\u0101 apjom\u0101:<\/p>\n\n<ul class=\"wp-block-list\">\n<li>pieg\u0101des pakalpojumu sniedz\u0113jiem (pas\u016bt\u012bjumu pieg\u0101dei);<\/li>\n\n\n\n<li>maks\u0101jumu pakalpojumu sniedz\u0113jiem (nor\u0113\u0137inu nodro\u0161in\u0101\u0161anai);<\/li>\n\n\n\n<li>IT un hostinga pakalpojumu sniedz\u0113jiem (vietnes uztur\u0113\u0161anai);<\/li>\n\n\n\n<li>gr\u0101matved\u012bbas pakalpojumu sniedz\u0113jiem (r\u0113\u0137inu un uzskaites nodro\u0161in\u0101\u0161anai);<\/li>\n\n\n\n<li>valsts iest\u0101d\u0113m, ja tas izriet no normat\u012bvo aktu pras\u012bb\u0101m.<\/li>\n<\/ul>\n\n<h2 class=\"wp-block-heading\">Cik ilgi glab\u0101jam datus<\/h2>\n\n<ul class=\"wp-block-list\">\n<li>Pas\u016bt\u012bjumu un gr\u0101matved\u012bbas dokumentus glab\u0101jam tik ilgi, cik to prasa normat\u012bvie akti un m\u016bsu likum\u012bg\u0101s intereses (piem\u0113ram, gr\u0101matved\u012bbas uzskaite, str\u012bdu risin\u0101\u0161ana).<\/li>\n\n\n\n<li>Klienta konta datus glab\u0101jam tik ilgi, kam\u0113r konts ir akt\u012bvs, vai l\u012bdz br\u012bdim, kad j\u016bs l\u016bdzat to dz\u0113st, ja vien nav pien\u0101kuma datus saglab\u0101t ilg\u0101k.<\/li>\n<\/ul>\n\n<h2 class=\"wp-block-heading\">J\u016bsu ties\u012bbas<\/h2>\n\n<p>Jums ir ties\u012bbas:<\/p>\n\n<ul class=\"wp-block-list\">\n<li>piepras\u012bt piek\u013cuvi saviem datiem un sa\u0146emt to kopiju;<\/li>\n\n\n\n<li>l\u016bgt labot neprec\u012bzus datus;<\/li>\n\n\n\n<li>l\u016bgt dz\u0113st datus (ja nav pien\u0101kuma tos saglab\u0101t);<\/li>\n\n\n\n<li>iebilst pret apstr\u0101di vai l\u016bgt to ierobe\u017eot noteiktos gad\u012bjumos;<\/li>\n\n\n\n<li>sa\u0146emt datus struktur\u0113t\u0101 form\u0101t\u0101 (datu p\u0101rnesam\u012bba), ja piem\u0113rojams.<\/li>\n<\/ul>\n\n<p>Lai \u012bstenotu savas ties\u012bbas, rakstiet uz <strong><a>privacy@hipark.lv<\/a><\/strong>.<\/p>\n\n<h2 class=\"wp-block-heading\">S\u012bkfaili<\/h2>\n\n<p>M\u016bsu vietne izmanto s\u012bkfailus, lai nodro\u0161in\u0101tu vietnes darb\u012bbu un uzlabotu lieto\u0161anas pieredzi.<\/p>\n\n<p>Oblig\u0101tie s\u012bkfaili \u2013 nepiecie\u0161ami vietnes pamatfunkciju nodro\u0161in\u0101\u0161anai (piem\u0113ram, iepirkumu groza un pieteik\u0161an\u0101s sesijas uztur\u0113\u0161anai).<br\/>Funkcion\u0101lie s\u012bkfaili \u2013 pal\u012bdz atcer\u0113ties j\u016bsu izv\u0113les (piem., valodu).<br\/>Anal\u012btikas\/m\u0101rketinga s\u012bkfaili \u2013 pal\u012bdz analiz\u0113t vietnes apmekl\u0113jumu un uzlabot saturu\/komunik\u0101ciju.<\/p>\n\n<p>S\u012bkfailu iestat\u012bjumus varat main\u012bt sav\u0101 p\u0101rl\u016bkprogramm\u0101 un (ja vietn\u0113 ir s\u012bkfailu josla) \u2013 ar\u012b s\u012bkfailu pazi\u0146ojum\u0101.<\/p>\n\n<h2 class=\"wp-block-heading\">Mediji<\/h2>\n\n<p>Ja aug\u0161upiel\u0101d\u0113jat att\u0113lus t\u012bmek\u013ca vietn\u0113 (piem\u0113ram, profila att\u0113lu), l\u016bdzu, izvairieties no att\u0113lu aug\u0161upiel\u0101des ar iestr\u0101d\u0101tiem atra\u0161an\u0101s vietas datiem (EXIF GPS), jo \u0161os datus var ieg\u016bt no att\u0113la faila.<\/p>\n\n<h3 class=\"wp-block-heading\">Security and contact<\/h3>\n\n<p>M\u0113s piem\u0113rojam atbilsto\u0161us tehniskus un organizatoriskus pas\u0101kumus personas datu aizsardz\u012bbai. Ja jums ir jaut\u0101jumi, sazinieties ar mums: <a>privacy@hipark.lv<\/a><\/p>\n\n<h3 class=\"wp-block-heading\">Citu viet\u0146u integr\u0113ts saturs<\/h3>\n\n<p>M\u016bsu lap\u0101s var b\u016bt integr\u0113ts saturs (piem\u0113ram, video). Citu viet\u0146u integr\u0113ts saturs darbojas t\u0101pat, it k\u0101 j\u016bs \u0161\u012bs vietnes apmekl\u0113tu tie\u0161i, un tre\u0161\u0101s puses var izmantot savus s\u012bkfailus un datu apstr\u0101des noteikumus. <\/p>\n\n<p>M\u0113s piem\u0113rojam atbilsto\u0161us tehniskus un organizatoriskus pas\u0101kumus personas datu aizsardz\u012bbai. Ja jums ir jaut\u0101jumi, sazinieties ar mums: <a>privacy@hipark.lv<\/a><\/p>\n","protected":false},"excerpt":{"rendered":"<p>Kas m\u0113s esam Personas datu p\u0101rzinis: SIA HiPark Systems, re\u0123. Nr. 40003660280.M\u016bsu t\u012bmek\u013ca vietnes adrese ir: https:\/\/hipark.lv, https:\/\/web2026.hipark.lvSazi\u0146ai par personas datu jaut\u0101jumiem: privacy@hipark.lv. K\u0101dus datus m\u0113s apstr\u0101d\u0101jam un k\u0101p\u0113c M\u0113s varam apstr\u0101d\u0101t personas datus, ja j\u016bs: Pas\u016bt\u012bjumu apstr\u0101dei parasti tiek apstr\u0101d\u0101ti \u0161\u0101di dati: v\u0101rds, uzv\u0101rds, e-pasts, t\u0101lru\u0146a numurs, pieg\u0101des adrese, nor\u0113\u0137inu inform\u0101cija, pas\u016bt\u012bjuma saturs un [&#8230;]\n","protected":false},"author":1,"featured_media":0,"parent":0,"menu_order":0,"comment_status":"closed","ping_status":"open","template":"","meta":{"footnotes":""},"class_list":["post-804","page","type-page","status-publish","hentry"],"_links":{"self":[{"href":"https:\/\/web2026.hipark.lv\/lv\/wp-json\/wp\/v2\/pages\/804","targetHints":{"allow":["GET"]}}],"collection":[{"href":"https:\/\/web2026.hipark.lv\/lv\/wp-json\/wp\/v2\/pages"}],"about":[{"href":"https:\/\/web2026.hipark.lv\/lv\/wp-json\/wp\/v2\/types\/page"}],"author":[{"embeddable":true,"href":"https:\/\/web2026.hipark.lv\/lv\/wp-json\/wp\/v2\/users\/1"}],"replies":[{"embeddable":true,"href":"https:\/\/web2026.hipark.lv\/lv\/wp-json\/wp\/v2\/comments?post=804"}],"version-history":[{"count":7,"href":"https:\/\/web2026.hipark.lv\/lv\/wp-json\/wp\/v2\/pages\/804\/revisions"}],"predecessor-version":[{"id":820,"href":"https:\/\/web2026.hipark.lv\/lv\/wp-json\/wp\/v2\/pages\/804\/revisions\/820"}],"wp:attachment":[{"href":"https:\/\/web2026.hipark.lv\/lv\/wp-json\/wp\/v2\/media?parent=804"}],"curies":[{"name":"wp","href":"https:\/\/api.w.org\/{rel}","templated":true}]}}