{"id":622,"date":"2025-06-27T19:09:28","date_gmt":"2025-06-27T16:09:28","guid":{"rendered":"https:\/\/hipark.incate.com\/risinajumi\/"},"modified":"2026-03-19T10:56:37","modified_gmt":"2026-03-19T08:56:37","slug":"risinajumi","status":"publish","type":"page","link":"https:\/\/web2026.hipark.lv\/lv\/risinajumi\/","title":{"rendered":"Risin\u0101jumi"},"content":{"rendered":"\n<div class=\"row\"  id=\"row-747207616\">\n\n\n\t<div id=\"col-1892644053\" class=\"col small-12 large-12\"  >\n\t\t\t\t<div class=\"col-inner\"  >\n\t\t\t\n\t\t\t\n\n\n\t<section class=\"section b-radius\" id=\"section_733224116\">\n\t\t<div class=\"section-bg fill\" >\n\t\t\t\t\t\t\t\t\t\n\t\t\t\n\n\t\t<\/div>\n\n\t\t\n\n\t\t<div class=\"section-content relative\">\n\t\t\t\n\n<div class=\"row align-right\"  id=\"row-1356579714\">\n\n\n\t<div id=\"col-271671886\" class=\"col medium-12 small-12 large-6\"  data-animate=\"fadeInUp\">\n\t\t\t\t<div class=\"col-inner text-right\"  >\n\t\t\t\n\t\t\t\n\n\t<div id=\"gap-324331140\" class=\"gap-element clearfix\" style=\"display:block; height:auto;\">\n\t\t\n<style>\n#gap-324331140 {\n  padding-top: 30px;\n}\n<\/style>\n\t<\/div>\n\t\n\n\t<div id=\"text-545721147\" class=\"text\">\n\t\t\n\n<h1>HiPark risin\u0101jumi<\/h1>\n\t\t\n<style>\n#text-545721147 {\n  font-size: 1.65rem;\n  text-align: center;\n}\n@media (min-width:850px) {\n  #text-545721147 {\n    text-align: right;\n  }\n}\n<\/style>\n\t<\/div>\n\t\n\t<div id=\"text-2391212619\" class=\"text\">\n\t\t\n\n<p class=\"lead\"><span style=\"font-weight: 400;\">Uzticams partneris automatiz\u0113t\u0101 infrastrukt\u016br\u0101, kur tehnolo\u0123ijas darbojas klusi fon\u0101 \u2014 uzticami, dro\u0161i un dom\u0101jot par n\u0101kotni.<\/span><\/p>\n\t\t\n<style>\n#text-2391212619 {\n  text-align: center;\n}\n@media (min-width:850px) {\n  #text-2391212619 {\n    text-align: right;\n  }\n}\n<\/style>\n\t<\/div>\n\t\n<a class=\"button primary\" style=\"border-radius:10px;\">\n\t\t<span>M\u016bsu risin\u0101jumi<\/span>\n\t<\/a>\n\n\n<a class=\"button primary is-outline\" style=\"border-radius:10px;\">\n\t\t<span>Produkti<\/span>\n\t<\/a>\n\n\n\n\t\t<\/div>\n\t\t\t\t\n<style>\n#col-271671886 > .col-inner {\n  padding: 0px 0 0px 0px;\n}\n@media (min-width:550px) {\n  #col-271671886 > .col-inner {\n    padding: 0px 10% 0px 10%;\n  }\n}\n<\/style>\n\t<\/div>\n\n\t\n\n<\/div>\n\n\t\t<\/div>\n\n\t\t\n<style>\n#section_733224116 {\n  padding-top: 30px;\n  padding-bottom: 30px;\n  min-height: 500px;\n  background-color: rgb(239, 245, 253);\n}\n#section_733224116 .section-bg-overlay {\n  background-color: rgba(0, 0, 0, 0.3);\n}\n<\/style>\n\t<\/section>\n\t\n\n\t\t<\/div>\n\t\t\t\t\t<\/div>\n\n\t\n\n<\/div>\n<div class=\"row row-collapse row-full-width align-middle\"  id=\"row-57912461\">\n\n\n\t<div id=\"col-1835766707\" class=\"col medium-12 small-12 large-12\"  >\n\t\t\t\t<div class=\"col-inner text-center\"  >\n\t\t\t\n\t\t\t\n\n\t<div id=\"gap-1550978211\" class=\"gap-element clearfix\" style=\"display:block; height:auto;\">\n\t\t\n<style>\n#gap-1550978211 {\n  padding-top: 30px;\n}\n<\/style>\n\t<\/div>\n\t\n\n\t<div id=\"text-2495346998\" class=\"text\">\n\t\t\n\n<h2>M\u016bsu risin\u0101jumi<\/h2>\n\t\t\n<style>\n#text-2495346998 {\n  font-size: 1.5rem;\n}\n<\/style>\n\t<\/div>\n\t\n\t<div id=\"gap-304364190\" class=\"gap-element clearfix\" style=\"display:block; height:auto;\">\n\t\t\n<style>\n#gap-304364190 {\n  padding-top: 30px;\n}\n<\/style>\n\t<\/div>\n\t\n\n\n\t\t<\/div>\n\t\t\t\t\n<style>\n#col-1835766707 > .col-inner {\n  padding: 40px 15% 30px 15%;\n}\n@media (min-width:550px) {\n  #col-1835766707 > .col-inner {\n    padding: 60px 15% 60px 15%;\n  }\n}\n<\/style>\n\t<\/div>\n\n\t\n\n<\/div>\n<div class=\"row row-large\"  id=\"row-1842405575\">\n\n\n\t<div id=\"col-453049408\" class=\"col medium-4 small-12 large-4\"  data-animate=\"fadeInUp\">\n\t\t\t\t<div class=\"col-inner text-center\"  >\n\t\t\t\n\t\t\t\n\n\n\t\t<div class=\"icon-box featured-box icon-box-center text-center\"  >\n\t\t\t\t\t<div class=\"icon-box-img\" style=\"width: 150px\">\n\t\t\t\t<div class=\"icon\">\n\t\t\t\t\t<div class=\"icon-inner\" >\n\t\t\t\t\t\t<img loading=\"lazy\" decoding=\"async\" width=\"400\" height=\"400\" src=\"https:\/\/web2026.hipark.lv\/wp-content\/uploads\/2025\/06\/Automatic-number-plate-recognition-systems-400x400.png\" class=\"attachment-medium size-medium\" alt=\"\" srcset=\"https:\/\/web2026.hipark.lv\/wp-content\/uploads\/2025\/06\/Automatic-number-plate-recognition-systems-400x400.png 400w, https:\/\/web2026.hipark.lv\/wp-content\/uploads\/2025\/06\/Automatic-number-plate-recognition-systems-800x800.png 800w, https:\/\/web2026.hipark.lv\/wp-content\/uploads\/2025\/06\/Automatic-number-plate-recognition-systems-280x280.png 280w, https:\/\/web2026.hipark.lv\/wp-content\/uploads\/2025\/06\/Automatic-number-plate-recognition-systems-768x768.png 768w, https:\/\/web2026.hipark.lv\/wp-content\/uploads\/2025\/06\/Automatic-number-plate-recognition-systems-300x300.png 300w, https:\/\/web2026.hipark.lv\/wp-content\/uploads\/2025\/06\/Automatic-number-plate-recognition-systems-600x600.png 600w, https:\/\/web2026.hipark.lv\/wp-content\/uploads\/2025\/06\/Automatic-number-plate-recognition-systems-100x100.png 100w, https:\/\/web2026.hipark.lv\/wp-content\/uploads\/2025\/06\/Automatic-number-plate-recognition-systems.png 1024w\" sizes=\"auto, (max-width: 400px) 100vw, 400px\" \/>\t\t\t\t\t<\/div>\n\t\t\t\t<\/div>\n\t\t\t<\/div>\n\t\t\t\t<div class=\"icon-box-text last-reset\">\n\t\t\t\t\t\t\t\t\t\n\n<h3>Autom\u0101tisk\u0101s numura z\u012bmju atpaz\u012b\u0161anas sist\u0113mas<\/h3>\n<p>\u0100tra, bezkontakta transportl\u012bdzek\u013cu piek\u013cuve, izmantojot numurz\u012bmju atpaz\u012b\u0161anu.<\/p>\n\n\t\t<\/div>\n\t<\/div>\n\t\n\t\n\t<div id=\"gap-143982630\" class=\"gap-element clearfix\" style=\"display:block; height:auto;\">\n\t\t\n<style>\n#gap-143982630 {\n  padding-top: 15px;\n}\n<\/style>\n\t<\/div>\n\t\n\n<a href=\"https:\/\/web2026.hipark.lv\/number-plate-recognition-anpr\/\" class=\"button primary\" >\n\t\t<span>Vair\u0101k<\/span>\n\t<\/a>\n\n\n\n\t\t<\/div>\n\t\t\t\t\t<\/div>\n\n\t\n\n\t<div id=\"col-1634831277\" class=\"col medium-4 small-12 large-4\"  data-animate=\"fadeInUp\">\n\t\t\t\t<div class=\"col-inner text-center\"  >\n\t\t\t\n\t\t\t\n\n\n\t\t<div class=\"icon-box featured-box icon-box-center text-center\"  >\n\t\t\t\t\t<div class=\"icon-box-img\" style=\"width: 150px\">\n\t\t\t\t<div class=\"icon\">\n\t\t\t\t\t<div class=\"icon-inner\" >\n\t\t\t\t\t\t<img loading=\"lazy\" decoding=\"async\" width=\"400\" height=\"400\" src=\"https:\/\/web2026.hipark.lv\/wp-content\/uploads\/2025\/06\/Business-Automation-Integration-400x400.png\" class=\"attachment-medium size-medium\" alt=\"\" srcset=\"https:\/\/web2026.hipark.lv\/wp-content\/uploads\/2025\/06\/Business-Automation-Integration-400x400.png 400w, https:\/\/web2026.hipark.lv\/wp-content\/uploads\/2025\/06\/Business-Automation-Integration-800x800.png 800w, https:\/\/web2026.hipark.lv\/wp-content\/uploads\/2025\/06\/Business-Automation-Integration-280x280.png 280w, https:\/\/web2026.hipark.lv\/wp-content\/uploads\/2025\/06\/Business-Automation-Integration-768x768.png 768w, https:\/\/web2026.hipark.lv\/wp-content\/uploads\/2025\/06\/Business-Automation-Integration-300x300.png 300w, https:\/\/web2026.hipark.lv\/wp-content\/uploads\/2025\/06\/Business-Automation-Integration-600x600.png 600w, https:\/\/web2026.hipark.lv\/wp-content\/uploads\/2025\/06\/Business-Automation-Integration-100x100.png 100w, https:\/\/web2026.hipark.lv\/wp-content\/uploads\/2025\/06\/Business-Automation-Integration.png 1024w\" sizes=\"auto, (max-width: 400px) 100vw, 400px\" \/>\t\t\t\t\t<\/div>\n\t\t\t\t<\/div>\n\t\t\t<\/div>\n\t\t\t\t<div class=\"icon-box-text last-reset\">\n\t\t\t\t\t\t\t\t\t\n\n<h3>Biznesa automatiz\u0101cijas integr\u0101cija<\/h3>\n<p>Piel\u0101gotas automatiz\u0101cijas sist\u0113mas, kas piel\u0101gotas j\u016bsu darb\u012bbai<\/p>\n\n\t\t<\/div>\n\t<\/div>\n\t\n\t\n\t<div id=\"gap-1399661179\" class=\"gap-element clearfix\" style=\"display:block; height:auto;\">\n\t\t\n<style>\n#gap-1399661179 {\n  padding-top: 15px;\n}\n<\/style>\n\t<\/div>\n\t\n\n<a class=\"button primary\" >\n\t\t<span>Vair\u0101k<\/span>\n\t<\/a>\n\n\n\n\t\t<\/div>\n\t\t\t\t\t<\/div>\n\n\t\n\n\t<div id=\"col-1807111727\" class=\"col medium-4 small-12 large-4\"  data-animate=\"fadeInUp\">\n\t\t\t\t<div class=\"col-inner text-center\"  >\n\t\t\t\n\t\t\t\n\n\n\t\t<div class=\"icon-box featured-box icon-box-center text-center\"  >\n\t\t\t\t\t<div class=\"icon-box-img\" style=\"width: 150px\">\n\t\t\t\t<div class=\"icon\">\n\t\t\t\t\t<div class=\"icon-inner\" >\n\t\t\t\t\t\t<img loading=\"lazy\" decoding=\"async\" width=\"400\" height=\"400\" src=\"https:\/\/web2026.hipark.lv\/wp-content\/uploads\/2025\/06\/EV-Charger-Installation-400x400.png\" class=\"attachment-medium size-medium\" alt=\"\" srcset=\"https:\/\/web2026.hipark.lv\/wp-content\/uploads\/2025\/06\/EV-Charger-Installation-400x400.png 400w, https:\/\/web2026.hipark.lv\/wp-content\/uploads\/2025\/06\/EV-Charger-Installation-800x800.png 800w, https:\/\/web2026.hipark.lv\/wp-content\/uploads\/2025\/06\/EV-Charger-Installation-280x280.png 280w, https:\/\/web2026.hipark.lv\/wp-content\/uploads\/2025\/06\/EV-Charger-Installation-768x768.png 768w, https:\/\/web2026.hipark.lv\/wp-content\/uploads\/2025\/06\/EV-Charger-Installation-300x300.png 300w, https:\/\/web2026.hipark.lv\/wp-content\/uploads\/2025\/06\/EV-Charger-Installation-600x600.png 600w, https:\/\/web2026.hipark.lv\/wp-content\/uploads\/2025\/06\/EV-Charger-Installation-100x100.png 100w, https:\/\/web2026.hipark.lv\/wp-content\/uploads\/2025\/06\/EV-Charger-Installation.png 1024w\" sizes=\"auto, (max-width: 400px) 100vw, 400px\" \/>\t\t\t\t\t<\/div>\n\t\t\t\t<\/div>\n\t\t\t<\/div>\n\t\t\t\t<div class=\"icon-box-text last-reset\">\n\t\t\t\t\t\t\t\t\t\n\n<h3>EV uzl\u0101des ier\u012bces uzst\u0101d\u012b\u0161ana<\/h3>\n<p>Uzticama elektrotransportl\u012bdzek\u013cu uzl\u0101des staciju uzst\u0101d\u012b\u0161ana<\/p>\n\n\t\t<\/div>\n\t<\/div>\n\t\n\t\n\t<div id=\"gap-523952538\" class=\"gap-element clearfix\" style=\"display:block; height:auto;\">\n\t\t\n<style>\n#gap-523952538 {\n  padding-top: 15px;\n}\n<\/style>\n\t<\/div>\n\t\n\n<a class=\"button primary\" >\n\t\t<span>Vair\u0101k<\/span>\n\t<\/a>\n\n\n\n\t\t<\/div>\n\t\t\t\t\t<\/div>\n\n\t\n\n\t<div id=\"col-731253413\" class=\"col medium-4 small-12 large-4\"  data-animate=\"fadeInUp\">\n\t\t\t\t<div class=\"col-inner text-center\"  >\n\t\t\t\n\t\t\t\n\n\n\t\t<div class=\"icon-box featured-box icon-box-center text-center\"  >\n\t\t\t\t\t<div class=\"icon-box-img\" style=\"width: 150px\">\n\t\t\t\t<div class=\"icon\">\n\t\t\t\t\t<div class=\"icon-inner\" >\n\t\t\t\t\t\t<img loading=\"lazy\" decoding=\"async\" width=\"400\" height=\"400\" src=\"https:\/\/web2026.hipark.lv\/wp-content\/uploads\/2025\/06\/Automatic-Barriers-400x400.png\" class=\"attachment-medium size-medium\" alt=\"\" srcset=\"https:\/\/web2026.hipark.lv\/wp-content\/uploads\/2025\/06\/Automatic-Barriers-400x400.png 400w, https:\/\/web2026.hipark.lv\/wp-content\/uploads\/2025\/06\/Automatic-Barriers-800x800.png 800w, https:\/\/web2026.hipark.lv\/wp-content\/uploads\/2025\/06\/Automatic-Barriers-280x280.png 280w, https:\/\/web2026.hipark.lv\/wp-content\/uploads\/2025\/06\/Automatic-Barriers-768x768.png 768w, https:\/\/web2026.hipark.lv\/wp-content\/uploads\/2025\/06\/Automatic-Barriers-300x300.png 300w, https:\/\/web2026.hipark.lv\/wp-content\/uploads\/2025\/06\/Automatic-Barriers-600x600.png 600w, https:\/\/web2026.hipark.lv\/wp-content\/uploads\/2025\/06\/Automatic-Barriers-100x100.png 100w, https:\/\/web2026.hipark.lv\/wp-content\/uploads\/2025\/06\/Automatic-Barriers.png 1024w\" sizes=\"auto, (max-width: 400px) 100vw, 400px\" \/>\t\t\t\t\t<\/div>\n\t\t\t\t<\/div>\n\t\t\t<\/div>\n\t\t\t\t<div class=\"icon-box-text last-reset\">\n\t\t\t\t\t\t\t\t\t\n\n<h3>Autom\u0101tisk\u0101s barjeras<\/h3>\n<p>Pieg\u0101d\u0101t un uzst\u0101d\u012bt barjeras dro\u0161ai piek\u013cuves kontrolei<\/p>\n\n\t\t<\/div>\n\t<\/div>\n\t\n\t\n\t<div id=\"gap-197456886\" class=\"gap-element clearfix\" style=\"display:block; height:auto;\">\n\t\t\n<style>\n#gap-197456886 {\n  padding-top: 15px;\n}\n<\/style>\n\t<\/div>\n\t\n\n<a class=\"button primary\" >\n\t\t<span>Vair\u0101k<\/span>\n\t<\/a>\n\n\n\n\t\t<\/div>\n\t\t\t\t\t<\/div>\n\n\t\n\n\t<div id=\"col-98860494\" class=\"col medium-4 small-12 large-4\"  data-animate=\"fadeInUp\">\n\t\t\t\t<div class=\"col-inner text-center\"  >\n\t\t\t\n\t\t\t\n\n\n\t\t<div class=\"icon-box featured-box icon-box-center text-center\"  >\n\t\t\t\t\t<div class=\"icon-box-img\" style=\"width: 150px\">\n\t\t\t\t<div class=\"icon\">\n\t\t\t\t\t<div class=\"icon-inner\" >\n\t\t\t\t\t\t<img loading=\"lazy\" decoding=\"async\" width=\"400\" height=\"400\" src=\"https:\/\/web2026.hipark.lv\/wp-content\/uploads\/2025\/06\/Full-Automation-Lifecycle-1-400x400.png\" class=\"attachment-medium size-medium\" alt=\"\" srcset=\"https:\/\/web2026.hipark.lv\/wp-content\/uploads\/2025\/06\/Full-Automation-Lifecycle-1-400x400.png 400w, https:\/\/web2026.hipark.lv\/wp-content\/uploads\/2025\/06\/Full-Automation-Lifecycle-1-800x800.png 800w, https:\/\/web2026.hipark.lv\/wp-content\/uploads\/2025\/06\/Full-Automation-Lifecycle-1-280x280.png 280w, https:\/\/web2026.hipark.lv\/wp-content\/uploads\/2025\/06\/Full-Automation-Lifecycle-1-768x768.png 768w, https:\/\/web2026.hipark.lv\/wp-content\/uploads\/2025\/06\/Full-Automation-Lifecycle-1-300x300.png 300w, https:\/\/web2026.hipark.lv\/wp-content\/uploads\/2025\/06\/Full-Automation-Lifecycle-1-600x600.png 600w, https:\/\/web2026.hipark.lv\/wp-content\/uploads\/2025\/06\/Full-Automation-Lifecycle-1-100x100.png 100w, https:\/\/web2026.hipark.lv\/wp-content\/uploads\/2025\/06\/Full-Automation-Lifecycle-1.png 1024w\" sizes=\"auto, (max-width: 400px) 100vw, 400px\" \/>\t\t\t\t\t<\/div>\n\t\t\t\t<\/div>\n\t\t\t<\/div>\n\t\t\t\t<div class=\"icon-box-text last-reset\">\n\t\t\t\t\t\t\t\t\t\n\n<h3>Pilns automatiz\u0101cijas dz\u012bves cikls<\/h3>\n<p>Pilns serviss no pl\u0101no\u0161anas l\u012bdz ilgtermi\u0146a apkopei<\/p>\n\n\t\t<\/div>\n\t<\/div>\n\t\n\t\n\t<div id=\"gap-1383796080\" class=\"gap-element clearfix\" style=\"display:block; height:auto;\">\n\t\t\n<style>\n#gap-1383796080 {\n  padding-top: 15px;\n}\n<\/style>\n\t<\/div>\n\t\n\n<a class=\"button primary\" >\n\t\t<span>Vair\u0101k<\/span>\n\t<\/a>\n\n\n\n\t\t<\/div>\n\t\t\t\t\t<\/div>\n\n\t\n\n\t<div id=\"col-477036029\" class=\"col medium-4 small-12 large-4\"  data-animate=\"fadeInUp\">\n\t\t\t\t<div class=\"col-inner text-center\"  >\n\t\t\t\n\t\t\t\n\n\n\t\t<div class=\"icon-box featured-box icon-box-center text-center\"  >\n\t\t\t\t\t<div class=\"icon-box-img\" style=\"width: 150px\">\n\t\t\t\t<div class=\"icon\">\n\t\t\t\t\t<div class=\"icon-inner\" >\n\t\t\t\t\t\t<img loading=\"lazy\" decoding=\"async\" width=\"400\" height=\"400\" src=\"https:\/\/web2026.hipark.lv\/wp-content\/uploads\/2025\/06\/Full-service-1-400x400.png\" class=\"attachment-medium size-medium\" alt=\"\" srcset=\"https:\/\/web2026.hipark.lv\/wp-content\/uploads\/2025\/06\/Full-service-1-400x400.png 400w, https:\/\/web2026.hipark.lv\/wp-content\/uploads\/2025\/06\/Full-service-1-800x800.png 800w, https:\/\/web2026.hipark.lv\/wp-content\/uploads\/2025\/06\/Full-service-1-280x280.png 280w, https:\/\/web2026.hipark.lv\/wp-content\/uploads\/2025\/06\/Full-service-1-768x768.png 768w, https:\/\/web2026.hipark.lv\/wp-content\/uploads\/2025\/06\/Full-service-1-300x300.png 300w, https:\/\/web2026.hipark.lv\/wp-content\/uploads\/2025\/06\/Full-service-1-600x600.png 600w, https:\/\/web2026.hipark.lv\/wp-content\/uploads\/2025\/06\/Full-service-1-100x100.png 100w, https:\/\/web2026.hipark.lv\/wp-content\/uploads\/2025\/06\/Full-service-1.png 1024w\" sizes=\"auto, (max-width: 400px) 100vw, 400px\" \/>\t\t\t\t\t<\/div>\n\t\t\t\t<\/div>\n\t\t\t<\/div>\n\t\t\t\t<div class=\"icon-box-text last-reset\">\n\t\t\t\t\t\t\t\t\t\n\n<h3>Pilns serviss<\/h3>\n<p>No ra\u017eo\u0161anas l\u012bdz uzst\u0101d\u012b\u0161anai un apkopei \u2013 m\u0113s r\u016bp\u0113jamies par visu<\/p>\n\n\t\t<\/div>\n\t<\/div>\n\t\n\t\n\t<div id=\"gap-1766600156\" class=\"gap-element clearfix\" style=\"display:block; height:auto;\">\n\t\t\n<style>\n#gap-1766600156 {\n  padding-top: 15px;\n}\n<\/style>\n\t<\/div>\n\t\n\n<a class=\"button primary\" >\n\t\t<span>Vair\u0101k<\/span>\n\t<\/a>\n\n\n\n\t\t<\/div>\n\t\t\t\t\t<\/div>\n\n\t\n\n<\/div>\n\n","protected":false},"excerpt":{"rendered":"","protected":false},"author":2,"featured_media":0,"parent":0,"menu_order":0,"comment_status":"closed","ping_status":"closed","template":"","meta":{"footnotes":""},"class_list":["post-622","page","type-page","status-publish","hentry"],"_links":{"self":[{"href":"https:\/\/web2026.hipark.lv\/lv\/wp-json\/wp\/v2\/pages\/622","targetHints":{"allow":["GET"]}}],"collection":[{"href":"https:\/\/web2026.hipark.lv\/lv\/wp-json\/wp\/v2\/pages"}],"about":[{"href":"https:\/\/web2026.hipark.lv\/lv\/wp-json\/wp\/v2\/types\/page"}],"author":[{"embeddable":true,"href":"https:\/\/web2026.hipark.lv\/lv\/wp-json\/wp\/v2\/users\/2"}],"replies":[{"embeddable":true,"href":"https:\/\/web2026.hipark.lv\/lv\/wp-json\/wp\/v2\/comments?post=622"}],"version-history":[{"count":7,"href":"https:\/\/web2026.hipark.lv\/lv\/wp-json\/wp\/v2\/pages\/622\/revisions"}],"predecessor-version":[{"id":917,"href":"https:\/\/web2026.hipark.lv\/lv\/wp-json\/wp\/v2\/pages\/622\/revisions\/917"}],"wp:attachment":[{"href":"https:\/\/web2026.hipark.lv\/lv\/wp-json\/wp\/v2\/media?parent=622"}],"curies":[{"name":"wp","href":"https:\/\/api.w.org\/{rel}","templated":true}]}}