{"id":595,"date":"2025-06-10T08:55:32","date_gmt":"2025-06-10T05:55:32","guid":{"rendered":"https:\/\/hipark.incate.com\/par-mums\/"},"modified":"2026-03-19T10:48:52","modified_gmt":"2026-03-19T08:48:52","slug":"par-mums","status":"publish","type":"page","link":"https:\/\/web2026.hipark.lv\/lv\/par-mums\/","title":{"rendered":"Uz\u0146\u0113mums"},"content":{"rendered":"\n\n\t<section class=\"section b-radius dark\" id=\"section_1056155230\">\n\t\t<div class=\"section-bg fill\" >\n\t\t\t\t\t\t\t\t\t\n\t\t\t\n\n\t\t<\/div>\n\n\t\t\n\n\t\t<div class=\"section-content relative\">\n\t\t\t\n\n<div class=\"row\"  id=\"row-1066162758\">\n\n\n\t<div id=\"col-1730000519\" class=\"col medium-12 small-12 large-6\"  data-animate=\"fadeInUp\">\n\t\t\t\t<div class=\"col-inner\"  >\n\t\t\t\n\t\t\t\n\n\t<div id=\"gap-743272885\" class=\"gap-element clearfix\" style=\"display:block; height:auto;\">\n\t\t\n<style>\n#gap-743272885 {\n  padding-top: 40px;\n}\n<\/style>\n\t<\/div>\n\t\n\n\t<div id=\"text-3606839480\" class=\"text\">\n\t\t\n\n<h2>Par HiPark sist\u0113m\u0101m<\/h2>\n\t\t\n<style>\n#text-3606839480 {\n  font-size: 1.75rem;\n  color: #001a77;\n}\n#text-3606839480 > * {\n  color: #001a77;\n}\n<\/style>\n\t<\/div>\n\t\n\n\t\t<\/div>\n\t\t\t\t\t<\/div>\n\n\t\n\n<\/div>\n\n\t\t<\/div>\n\n\t\t\n<style>\n#section_1056155230 {\n  padding-top: 30px;\n  padding-bottom: 30px;\n  min-height: 450px;\n  background-color: rgb(239, 245, 253);\n}\n<\/style>\n\t<\/section>\n\t\n\t<div id=\"gap-992442569\" class=\"gap-element clearfix\" style=\"display:block; height:auto;\">\n\t\t\n<style>\n#gap-992442569 {\n  padding-top: 30px;\n}\n<\/style>\n\t<\/div>\n\t\n\n\n\t<section class=\"section b-radius\" id=\"section_1368215964\">\n\t\t<div class=\"section-bg fill\" >\n\t\t\t\t\t\t\t\t\t\n\t\t\t\n\n\t\t<\/div>\n\n\t\t\n\n\t\t<div class=\"section-content relative\">\n\t\t\t\n\n<div class=\"row row-collapse row-full-width align-middle align-center\"  id=\"row-1280882451\">\n\n\n\t<div id=\"col-628904002\" class=\"col medium-12 small-12 large-5 medium-col-first\"  >\n\t\t\t\t<div class=\"col-inner\"  >\n\t\t\t\n\t\t\t\n\n\n  <div class=\"banner has-hover\" id=\"banner-2115124265\">\n          <div class=\"banner-inner fill\">\n        <div class=\"banner-bg fill\" >\n                                                \n                    <\/div>\n\t\t\n        <div class=\"banner-layers container\">\n            <div class=\"fill banner-link\"><\/div>            \n\n<div class=\"uxb-no-content uxb-image\">Upload Image...<\/div>\n\n   <div id=\"text-box-89484109\" class=\"text-box banner-layer x50 md-x50 lg-x50 y50 md-y50 lg-y50 res-text\">\n                                <div class=\"text-box-content text dark\">\n              \n              <div class=\"text-inner text-center\">\n                  \n\n\t<div id=\"text-1511567143\" class=\"text\">\n\t\t\n\n<h2>K\u0101 m\u0113s str\u0101d\u0101jam<\/h2>\n\n\t\t\n<style>\n#text-1511567143 {\n  font-size: 1.65rem;\n  color: #8a94b1;\n}\n#text-1511567143 > * {\n  color: #8a94b1;\n}\n<\/style>\n\t<\/div>\n\t\n\n              <\/div>\n           <\/div>\n                            \n<style>\n#text-box-89484109 {\n  width: 94%;\n}\n#text-box-89484109 .text-box-content {\n  font-size: 100%;\n}\n<\/style>\n    <\/div>\n \n\n        <\/div>\n      <\/div>\n\n            \n<style>\n#banner-2115124265 {\n  padding-top: 300px;\n  background-color: rgb(255,255,255);\n}\n@media (min-width:550px) {\n  #banner-2115124265 {\n    padding-top: 400px;\n  }\n}\n@media (min-width:850px) {\n  #banner-2115124265 {\n    padding-top: 400px;\n  }\n}\n<\/style>\n  <\/div>\n\n\n\n\t\t<\/div>\n\t\t\t\t\n<style>\n#col-628904002 > .col-inner {\n  padding: 10px 10px 10px 10px;\n}\n<\/style>\n\t<\/div>\n\n\t\n\n\t<div id=\"col-1987827435\" class=\"col index-up medium-12 small-11 large-7\"  data-animate=\"fadeInUp\">\n\t\t\t\t<div class=\"col-inner\"  >\n\t\t\t\n\t\t\t\n\n\t<div id=\"text-2977227639\" class=\"text\">\n\t\t\n\n<p>1. Vietas apmekl\u0113jums un m\u0113r\u012bjumi &#8211; ierobe\u017eojumi, satiksmes pl\u016bsmas, in\u017eenierkomunik\u0101cijas.<\/p>\n<p>2. Risin\u0101juma izstr\u0101de un cenu noteik\u0161ana &#8211; skaidra darb\u012bbas joma, ras\u0113jumi, materi\u0101lu saraksts.<\/p>\n<p>3. B\u016bv\u0113\u0161ana un iepriek\u0161\u0113ja mont\u0101\u017ea &#8211; m\u0113s test\u0113jam pirms iera\u0161an\u0101s b\u016bvlaukum\u0101.<\/p>\n<p>4. Uzst\u0101d\u012b\u0161ana un nodo\u0161ana ekspluat\u0101cij\u0101 &#8211; person\u0101la apm\u0101c\u012bba, nodo\u0161anas dokumenti.<\/p>\n<p>5. Uztur\u0113\u0161ana un uzlabojumi &#8211; SLA, programmaparat\u016bras atjaunin\u0101jumi, jaunin\u0101jumi, ja nepiecie\u0161ams.<br>Mini-CTA: Rezerv\u0113jiet objekta apskati \u2192<\/p>\n\n\t\t\n<style>\n#text-2977227639 {\n  text-align: left;\n}\n<\/style>\n\t<\/div>\n\t\n\n\t\t<\/div>\n\t\t\t\t\n<style>\n#col-1987827435 > .col-inner {\n  padding: 10px 0px 20px 0px;\n}\n@media (min-width:550px) {\n  #col-1987827435 > .col-inner {\n    padding: 35px 0px 30px 0px;\n  }\n}\n@media (min-width:850px) {\n  #col-1987827435 > .col-inner {\n    padding: 10px 10px 10px 10px;\n  }\n}\n<\/style>\n\t<\/div>\n\n\t\n\n<\/div>\n\n\t\t<\/div>\n\n\t\t\n<style>\n#section_1368215964 {\n  padding-top: 0px;\n  padding-bottom: 0px;\n  background-color: rgb(239, 245, 253);\n}\n@media (min-width:550px) {\n  #section_1368215964 {\n    padding-top: 30px;\n    padding-bottom: 30px;\n  }\n}\n<\/style>\n\t<\/section>\n\t\n\n\t<section class=\"section b-radius\" id=\"section_1544964975\">\n\t\t<div class=\"section-bg fill\" >\n\t\t\t\t\t\t\t\t\t\n\t\t\t\n\n\t\t<\/div>\n\n\t\t\n\n\t\t<div class=\"section-content relative\">\n\t\t\t\n\n<div class=\"row row-collapse row-full-width align-middle align-center\"  id=\"row-412900799\">\n\n\n\t<div id=\"col-113143435\" class=\"col medium-12 small-12 large-6 medium-col-first\"  >\n\t\t\t\t<div class=\"col-inner\"  >\n\t\t\t\n\t\t\t\n\n\n  <div class=\"banner has-hover\" id=\"banner-1355145872\">\n          <div class=\"banner-inner fill\">\n        <div class=\"banner-bg fill\" >\n                                                \n                    <\/div>\n\t\t\n        <div class=\"banner-layers container\">\n            <div class=\"fill banner-link\"><\/div>            \n\n<div class=\"uxb-no-content uxb-image\">Upload Image...<\/div>\n\n   <div id=\"text-box-872089425\" class=\"text-box banner-layer x50 md-x50 lg-x50 y50 md-y50 lg-y50 res-text\">\n                                <div class=\"text-box-content text dark\">\n              \n              <div class=\"text-inner text-center\">\n                  \n\n\t<div id=\"text-515667048\" class=\"text\">\n\t\t\n\n<h2>HiParkSystems<\/h2>\n\t\t\n<style>\n#text-515667048 {\n  font-size: 1.65rem;\n  color: #8a94b1;\n}\n#text-515667048 > * {\n  color: #8a94b1;\n}\n<\/style>\n\t<\/div>\n\t\n\n              <\/div>\n           <\/div>\n                            \n<style>\n#text-box-872089425 {\n  width: 94%;\n}\n#text-box-872089425 .text-box-content {\n  font-size: 100%;\n}\n<\/style>\n    <\/div>\n \n\n        <\/div>\n      <\/div>\n\n            \n<style>\n#banner-1355145872 {\n  padding-top: 300px;\n  background-color: rgb(255,255,255);\n}\n@media (min-width:550px) {\n  #banner-1355145872 {\n    padding-top: 400px;\n  }\n}\n@media (min-width:850px) {\n  #banner-1355145872 {\n    padding-top: 400px;\n  }\n}\n<\/style>\n  <\/div>\n\n\n\n\t\t<\/div>\n\t\t\t\t\n<style>\n#col-113143435 > .col-inner {\n  padding: 10px 10px 10px 10px;\n}\n<\/style>\n\t<\/div>\n\n\t\n\n\t<div id=\"col-351950884\" class=\"col index-up medium-12 small-11 large-6\"  data-animate=\"fadeInUp\">\n\t\t\t\t<div class=\"col-inner\"  >\n\t\t\t\n\t\t\t\n\n\t<div id=\"text-523775302\" class=\"text\">\n\t\t\n\n<p>Ar vair\u0101k nek\u0101 20 gadu pieredzi autost\u0101vvietu automatiz\u0101cij\u0101 m\u0113s projekt\u0113jam, integr\u0113jam un nodro\u0161in\u0101m uztur\u0113\u0161anu un atbalstu uzticam\u0101m, m\u0113rogojam\u0101m sist\u0113m\u0101m, kas paredz\u0113tas re\u0101lai videi un objektiem.<\/p>\n<p>No atsevi\u0161\u0137iem \u0161lagbaumiem l\u012bdz vied\u0101m sist\u0113m\u0101m ar autom\u0101tisku numurz\u012bmju atpaz\u012b\u0161anu, bezkontakta nor\u0113\u0137iniem un elektroauto uzl\u0101des integr\u0101ciju \u2014 katru projektu piel\u0101gojam j\u016bsu objektam, bud\u017eetam un izaugsmes pl\u0101nam.<\/p>\n<p>Apkalpojam viesn\u012bcas, biroju centrus, dz\u012bvojamos kompleksus, medic\u012bnas iest\u0101des, r\u016bpniec\u012bbas\/lo\u0123istikas objektus un klientu p\u0101rvald\u012btas maksas st\u0101vvietas. Katrs projekts ietver objekta apseko\u0161anu un projekt\u0113\u0161anu, uzst\u0101d\u012b\u0161anu, nodo\u0161anu ekspluat\u0101cij\u0101, person\u0101la apm\u0101c\u012bbu un ilgtermi\u0146a servisu \u2014 viens atbild\u012bgs partneris no s\u0101kuma l\u012bdz beig\u0101m.<\/p>\n\t\t\n<style>\n#text-523775302 {\n  text-align: center;\n}\n<\/style>\n\t<\/div>\n\t\n\n\t\t<\/div>\n\t\t\t\t\n<style>\n#col-351950884 > .col-inner {\n  padding: 10px 0px 20px 0px;\n}\n@media (min-width:550px) {\n  #col-351950884 > .col-inner {\n    padding: 35px 0px 30px 0px;\n  }\n}\n@media (min-width:850px) {\n  #col-351950884 > .col-inner {\n    padding: 10px 10px 10px 10px;\n  }\n}\n<\/style>\n\t<\/div>\n\n\t\n\n<\/div>\n\n\t\t<\/div>\n\n\t\t\n<style>\n#section_1544964975 {\n  padding-top: 0px;\n  padding-bottom: 0px;\n  background-color: rgb(239, 245, 253);\n}\n@media (min-width:550px) {\n  #section_1544964975 {\n    padding-top: 30px;\n    padding-bottom: 30px;\n  }\n}\n<\/style>\n\t<\/section>\n\t\n\t<div id=\"gap-1218702252\" class=\"gap-element clearfix\" style=\"display:block; height:auto;\">\n\t\t\n<style>\n#gap-1218702252 {\n  padding-top: 60px;\n}\n<\/style>\n\t<\/div>\n\t\n\n\n\t<section class=\"section\" id=\"section_473935058\">\n\t\t<div class=\"section-bg fill\" >\n\t\t\t\t\t\t\t\t\t\n\t\t\t\n\n\t\t<\/div>\n\n\t\t\n\n\t\t<div class=\"section-content relative\">\n\t\t\t\n\n<div class=\"container section-title-container\" ><h2 class=\"section-title section-title-center\"><b aria-hidden=\"true\"><\/b><span class=\"section-title-main\" >M\u016bsu v\u0113rt\u012bbas<\/span><b aria-hidden=\"true\"><\/b><\/h2><\/div>\n\n\t<div id=\"gap-233518927\" class=\"gap-element clearfix\" style=\"display:block; height:auto;\">\n\t\t\n<style>\n#gap-233518927 {\n  padding-top: 15px;\n}\n<\/style>\n\t<\/div>\n\t\n\n<div class=\"row\"  id=\"row-1603940827\">\n\n\n\t<div id=\"col-1215568851\" class=\"col medium-3 small-6 large-3\"  data-animate=\"fadeInUp\">\n\t\t\t\t<div class=\"col-inner\"  >\n\t\t\t\n\t\t\t\n\n<h2 style=\"text-align: center;\"><b>Uzticam\u012bba<\/b><\/h2>\n\t<div id=\"text-637898332\" class=\"text\">\n\t\t\n\n<p><span style=\"font-weight: 400;\">M\u016bsu sist\u0113mas kalpo gadiem ilgi, un m\u016bsu ap\u0146em\u0161an\u0101s ir tikpat notur\u012bga<\/span><\/p>\n\t\t\n<style>\n#text-637898332 {\n  text-align: center;\n}\n<\/style>\n\t<\/div>\n\t\n\n\t\t<\/div>\n\t\t\t\t\t<\/div>\n\n\t\n\n\t<div id=\"col-69707730\" class=\"col medium-3 small-6 large-3\"  data-animate=\"fadeInUp\">\n\t\t\t\t<div class=\"col-inner\"  >\n\t\t\t\n\t\t\t\n\n<h2 style=\"text-align: center;\"><b>God\u012bgums un cie\u0146a<\/b><\/h2>\n\t<div id=\"text-907777553\" class=\"text\">\n\t\t\n\n<p><span style=\"font-weight: 400;\">M\u0113s komunic\u0113jam atkl\u0101ti un skaidri, bez sl\u0113ptiem nosac\u012bjumiem<\/span><\/p>\n\t\t\n<style>\n#text-907777553 {\n  text-align: center;\n}\n<\/style>\n\t<\/div>\n\t\n\n\t\t<\/div>\n\t\t\t\t\t<\/div>\n\n\t\n\n\t<div id=\"col-527938527\" class=\"col medium-3 small-6 large-3\"  data-animate=\"fadeInUp\">\n\t\t\t\t<div class=\"col-inner\"  >\n\t\t\t\n\t\t\t\n\n<h2 style=\"text-align: center;\"><b>Ilgtsp\u0113ja<\/b><\/h2>\n\t<div id=\"text-3116627774\" class=\"text\">\n\t\t\n\n<p><span style=\"font-weight: 400;\">M\u0113s veidojam sist\u0113mas, kas paredz\u0113tas ilgtermi\u0146a lieto\u0161anai un piel\u0101gojam\u012bbai n\u0101kotn\u0113<\/span><\/p>\n\t\t\n<style>\n#text-3116627774 {\n  text-align: center;\n}\n<\/style>\n\t<\/div>\n\t\n\n\t\t<\/div>\n\t\t\t\t\t<\/div>\n\n\t\n\n\t<div id=\"col-1175815864\" class=\"col medium-3 small-6 large-3\"  data-animate=\"fadeInUp\">\n\t\t\t\t<div class=\"col-inner\"  >\n\t\t\t\n\t\t\t\n\n<h2 style=\"text-align: center;\"><b>Kvalit\u0101te<\/b><\/h2>\n\t<div id=\"text-2948707354\" class=\"text\">\n\t\t\n\n<p><span style=\"font-weight: 400;\">M\u0113s izv\u0113lamies uzticamus partnerus un p\u0101rbaud\u012btas tehnolo\u0123ijas, lai nodro\u0161in\u0101tu ilgsto\u0161us un uzticamus risin\u0101jumus<\/span><\/p>\n\t\t\n<style>\n#text-2948707354 {\n  text-align: center;\n}\n<\/style>\n\t<\/div>\n\t\n\n\t\t<\/div>\n\t\t\t\t\t<\/div>\n\n\t\n\n<\/div>\n\n\t\t<\/div>\n\n\t\t\n<style>\n#section_473935058 {\n  padding-top: 0px;\n  padding-bottom: 0px;\n}\n<\/style>\n\t<\/section>\n\t\n\t<div id=\"gap-1362008585\" class=\"gap-element clearfix\" style=\"display:block; height:auto;\">\n\t\t\n<style>\n#gap-1362008585 {\n  padding-top: 30px;\n}\n<\/style>\n\t<\/div>\n\t\n\n\n\t<section class=\"section b-radius\" id=\"section_1975397940\">\n\t\t<div class=\"section-bg fill\" >\n\t\t\t\t\t\t\t\t\t\n\t\t\t\n\n\t\t<\/div>\n\n\t\t\n\n\t\t<div class=\"section-content relative\">\n\t\t\t\n\n\t<div id=\"gap-1436441113\" class=\"gap-element clearfix\" style=\"display:block; height:auto;\">\n\t\t\n<style>\n#gap-1436441113 {\n  padding-top: 30px;\n}\n<\/style>\n\t<\/div>\n\t\n\n<div class=\"row\"  id=\"row-324388783\">\n\n\n\t<div id=\"col-486022583\" class=\"col medium-6 small-12 large-6\"  data-animate=\"fadeInUp\">\n\t\t\t\t<div class=\"col-inner\"  >\n\t\t\t\n\t\t\t\n\n<h2 class=\"uppercase vertical-middle\"><img loading=\"lazy\" decoding=\"async\" class=\"alignnone wp-image-189\" src=\"https:\/\/web2026.hipark.lv\/wp-content\/uploads\/2025\/06\/eye-400x400.png\" alt=\"\" width=\"50\" height=\"50\" srcset=\"https:\/\/web2026.hipark.lv\/wp-content\/uploads\/2025\/06\/eye-400x400.png 400w, https:\/\/web2026.hipark.lv\/wp-content\/uploads\/2025\/06\/eye-280x280.png 280w, https:\/\/web2026.hipark.lv\/wp-content\/uploads\/2025\/06\/eye-300x300.png 300w, https:\/\/web2026.hipark.lv\/wp-content\/uploads\/2025\/06\/eye-100x100.png 100w, https:\/\/web2026.hipark.lv\/wp-content\/uploads\/2025\/06\/eye.png 512w\" sizes=\"auto, (max-width: 50px) 100vw, 50px\" \/> m\u016bsu v\u012bzija<\/h2>\n<p><span style=\"font-weight: 400;\">B\u016bt uzticamam partnerim automatiz\u0113t\u0101s infrastrukt\u016bras jom\u0101, kur tehnolo\u0123ijas klusi darbojas fon\u0101 \u2014 uzticami, dro\u0161i un ar skatu n\u0101kotn\u0113. M\u016bsu m\u0113r\u0137is ir rad\u012bt vidi, kur automatiz\u0101cija vienk\u0101r\u0161o ikdienas dz\u012bvi, nevis to sare\u017e\u0123\u012b.<\/span><\/p>\n\n\t\t<\/div>\n\t\t\t\t\t<\/div>\n\n\t\n\n\t<div id=\"col-360890532\" class=\"col medium-6 small-12 large-6\"  data-animate=\"fadeInUp\">\n\t\t\t\t<div class=\"col-inner\"  >\n\t\t\t\n\t\t\t\n\n<h2 class=\"uppercase vertical-middle\"><img loading=\"lazy\" decoding=\"async\" class=\"alignnone wp-image-199\" src=\"https:\/\/web2026.hipark.lv\/wp-content\/uploads\/2025\/06\/target.png\" alt=\"\" width=\"50\" height=\"50\" srcset=\"https:\/\/web2026.hipark.lv\/wp-content\/uploads\/2025\/06\/target.png 325w, https:\/\/web2026.hipark.lv\/wp-content\/uploads\/2025\/06\/target-280x280.png 280w, https:\/\/web2026.hipark.lv\/wp-content\/uploads\/2025\/06\/target-300x300.png 300w, https:\/\/web2026.hipark.lv\/wp-content\/uploads\/2025\/06\/target-100x100.png 100w\" sizes=\"auto, (max-width: 50px) 100vw, 50px\" \/> M\u016bsu misija<\/h2>\n<p><span style=\"font-weight: 400;\">M\u0113s pal\u012bdzam uz\u0146\u0113mumiem ieviest m\u016bsdien\u012bgus, lietot\u0101jiem draudz\u012bgus risin\u0101jumus, kas uzticami darbojas ilgtermi\u0146\u0101 un prasa minim\u0101las ikdienas p\u016bles.<\/span><\/p>\n\n\t\t<\/div>\n\t\t\t\t\t<\/div>\n\n\t\n\n<\/div>\n\n\t\t<\/div>\n\n\t\t\n<style>\n#section_1975397940 {\n  padding-top: 40px;\n  padding-bottom: 40px;\n  background-color: rgb(239, 245, 253);\n}\n<\/style>\n\t<\/section>\n\t\n\n","protected":false},"excerpt":{"rendered":"","protected":false},"author":1,"featured_media":0,"parent":0,"menu_order":0,"comment_status":"closed","ping_status":"closed","template":"","meta":{"footnotes":""},"class_list":["post-595","page","type-page","status-publish","hentry"],"_links":{"self":[{"href":"https:\/\/web2026.hipark.lv\/lv\/wp-json\/wp\/v2\/pages\/595","targetHints":{"allow":["GET"]}}],"collection":[{"href":"https:\/\/web2026.hipark.lv\/lv\/wp-json\/wp\/v2\/pages"}],"about":[{"href":"https:\/\/web2026.hipark.lv\/lv\/wp-json\/wp\/v2\/types\/page"}],"author":[{"embeddable":true,"href":"https:\/\/web2026.hipark.lv\/lv\/wp-json\/wp\/v2\/users\/1"}],"replies":[{"embeddable":true,"href":"https:\/\/web2026.hipark.lv\/lv\/wp-json\/wp\/v2\/comments?post=595"}],"version-history":[{"count":7,"href":"https:\/\/web2026.hipark.lv\/lv\/wp-json\/wp\/v2\/pages\/595\/revisions"}],"predecessor-version":[{"id":914,"href":"https:\/\/web2026.hipark.lv\/lv\/wp-json\/wp\/v2\/pages\/595\/revisions\/914"}],"wp:attachment":[{"href":"https:\/\/web2026.hipark.lv\/lv\/wp-json\/wp\/v2\/media?parent=595"}],"curies":[{"name":"wp","href":"https:\/\/api.w.org\/{rel}","templated":true}]}}